{"id":1137,"date":"2021-03-25T14:14:18","date_gmt":"2021-03-25T17:14:18","guid":{"rendered":"https:\/\/www.novotelcenternorte.com.br\/?page_id=1137"},"modified":"2021-05-03T20:38:05","modified_gmt":"2021-05-03T23:38:05","slug":"localizacao","status":"publish","type":"page","link":"https:\/\/www.novotelcenternorte.com.br\/en\/localizacao\/","title":{"rendered":"Location"},"content":{"rendered":"\n<div class=\"wp-block-group wrap-content\"><div class=\"wp-block-group__inner-container is-layout-flow wp-block-group-is-layout-flow\">\n<h2 class=\"title-blue wp-block-heading\"><strong>THE HOTEL IN CIDADE CENTER NORTE<\/strong><\/h2>\n\n\n\n<div class=\"wp-block-columns is-layout-flex wp-container-core-columns-is-layout-9d6595d7 wp-block-columns-is-layout-flex\">\n<div class=\"wp-block-column is-layout-flow wp-block-column-is-layout-flow\">\n<iframe src=\"https:\/\/www.google.com\/maps\/embed?pb=!1m18!1m12!1m3!1d2587.0195109571814!2d-46.6134475467127!3d-23.510982067153343!2m3!1f0!2f0!3f0!3m2!1i1024!2i768!4f13.1!3m3!1m2!1s0x94ce58bd535698b1%3A0x32d44ab158b94c5d!2sExpo%20Center%20Norte!5e0!3m2!1spt-BR!2sbr!4v1620078458449!5m2!1spt-BR!2sbr\" width=\"100%\" height=\"450\" style=\"border:0;\" allowfullscreen=\"\" loading=\"lazy\"><\/iframe>\n<\/div>\n\n\n\n<div class=\"wp-block-column is-layout-flow wp-block-column-is-layout-flow\">\n<p class=\"text-purple\">Novotel Center Norte is the closest hotel to Expo Center Norte, at a distance of about 1 km from the exhibition center.<\/p>\n\n\n\n<p class=\"text-purple\">It has easy access to the main avenues of S\u00e3o Paulo, such as Marginal Tiet\u00ea and Av. 23 de Maio, allowing quick transportation to the city center.<\/p>\n\n\n\n<p class=\"text-purple\">Around the hotel it is possible to walk to Center Norte and Lar Center.<\/p>\n\n\n\n<div class=\"wp-block-group box-info border border-grey padding30\"><div class=\"wp-block-group__inner-container is-layout-flow wp-block-group-is-layout-flow\">\n<p class=\"text-blue\"><strong>Address<\/strong><\/p>\n\n\n\n<p>Avenida Zaki Narchi 500, Vila Guilherme<br> S\u00e3o Paulo, 02029000, Brazil<br> Tel: +55 (11) 2224-4000<\/p>\n\n\n\n<p class=\"text-blue\"><strong>Email<\/strong><\/p>\n\n\n\n<p>reservas.novotelcenternorte@accor.com.br<\/p>\n<\/div><\/div>\n<\/div>\n<\/div>\n<\/div><\/div>\n\n\n\n<div class=\"wp-block-group wrap-content\"><div class=\"wp-block-group__inner-container is-layout-flow wp-block-group-is-layout-flow\">\n<h3 class=\"title-blue wp-block-heading\"><strong>DISTANCES<\/strong><\/h3>\n\n\n\n<div class=\"wp-block-columns box bg-blue is-layout-flex wp-container-core-columns-is-layout-9d6595d7 wp-block-columns-is-layout-flex\">\n<div class=\"wp-block-column is-layout-flow wp-block-column-is-layout-flow\">\n<p class=\"text-white\">AIRPORTS<\/p>\n<\/div>\n\n\n\n<div class=\"wp-block-column is-layout-flow wp-block-column-is-layout-flow\">\n<p class=\"text-white\">SUBWAY <\/p>\n<\/div>\n<\/div>\n\n\n\n<div class=\"wp-block-columns box is-layout-flex wp-container-core-columns-is-layout-9d6595d7 wp-block-columns-is-layout-flex\">\n<div class=\"wp-block-column bg-purple is-layout-flow wp-block-column-is-layout-flow\">\n<p class=\"text-purple\">Congonhas: 13.4 km (S\u00e3o Paulo)<br>Guarulhos International: 17.1 km (S\u00e3o Paulo)<br>Viracopos International: 77.1 km (Campinas)<\/p>\n<\/div>\n\n\n\n<div class=\"wp-block-column is-layout-flow wp-block-column-is-layout-flow\">\n<p class=\"text-purple\">Portuguesa-Tiet\u00ea Subway: 2.5 km<br>Carandiru Subway: 2 km<\/p>\n<\/div>\n<\/div>\n\n\n\n<div class=\"wp-block-columns box bg-blue is-layout-flex wp-container-core-columns-is-layout-9d6595d7 wp-block-columns-is-layout-flex\">\n<div class=\"wp-block-column is-layout-flow wp-block-column-is-layout-flow\">\n<p class=\"text-white\">SHOPPING MALLS<\/p>\n<\/div>\n\n\n\n<div class=\"wp-block-column is-layout-flow wp-block-column-is-layout-flow\">\n<p class=\"text-white\">EXHIBITION CENTERS<\/p>\n<\/div>\n<\/div>\n\n\n\n<div class=\"wp-block-columns box is-layout-flex wp-container-core-columns-is-layout-9d6595d7 wp-block-columns-is-layout-flex\">\n<div class=\"wp-block-column bg-purple is-layout-flow wp-block-column-is-layout-flow\">\n<p class=\"text-purple\">Center Norte: 0.5 km <br>Lar Center: 0.6 km <br>Mega Polo Moda: 2.7 km <\/p>\n<\/div>\n\n\n\n<div class=\"wp-block-column is-layout-flow wp-block-column-is-layout-flow\">\n<p class=\"text-purple\">Expo Center Norte: 1 km <br>Anhembi: 2.6 km <\/p>\n<\/div>\n<\/div>\n\n\n\n<div class=\"wp-block-columns box bg-blue is-layout-flex wp-container-core-columns-is-layout-9d6595d7 wp-block-columns-is-layout-flex\">\n<div class=\"wp-block-column is-layout-flow wp-block-column-is-layout-flow\">\n<p class=\"text-white\">RESTAURANTS AND MARKETS<\/p>\n<\/div>\n\n\n\n<div class=\"wp-block-column is-layout-flow wp-block-column-is-layout-flow\">\n<p class=\"text-white\">OTHER POINTS OF INTEREST<\/p>\n<\/div>\n<\/div>\n\n\n\n<div class=\"wp-block-columns box is-layout-flex wp-container-core-columns-is-layout-9d6595d7 wp-block-columns-is-layout-flex\">\n<div class=\"wp-block-column bg-purple is-layout-flow wp-block-column-is-layout-flow\">\n<p class=\"text-purple\">Carrefour: 0.3 km <br>Outback: 0.5 km <br>The Fifties Burguer: 0.5 km<br>Di Paolo Galeteria: 0.6 km<br>O Compadre: 0.6 km<br>Casa Ttua: 0.6 km<br>TGI Fridays: 0.5 km<br>Andiamo: 0.5 km<br>Olive Garden: 0.5 km<br>America: 0.5 km<br>Fogo de Ch\u00e3o: 0.5 km <br><\/p>\n<\/div>\n\n\n\n<div class=\"wp-block-column is-layout-flow wp-block-column-is-layout-flow\">\n<p class=\"text-purple\">Sala S\u00e3o Paulo: 3.2 km <br>Teatro Porto Seguro: 3.2 km<br>Mercado Municipal de S\u00e3o Paulo: 3.5 km <br>Museu Catavento: 3.6 km <br>Edif\u00edcio Copan: 4.5 km <br>Catedral da S\u00e9: 4.6 km <br>Allianz Parque: 6.1 km <br>Est\u00e1dio Pacaembu: 8.3 km<br>Bienal de S\u00e3o Paulo &#8211; Pavilh\u00e3o Ciccillo Matarazzo: 9.1 km <br>Arena Corinthians: 15.5 km <\/p>\n<\/div>\n<\/div>\n<\/div><\/div>\n\n\n\n<div class=\"wp-block-group wrap-content margin-topbottom50\"><div class=\"wp-block-group__inner-container is-layout-flow wp-block-group-is-layout-flow\">\n<div class=\"wp-block-columns is-layout-flex wp-container-core-columns-is-layout-9d6595d7 wp-block-columns-is-layout-flex\">\n<div class=\"wp-block-column bg-bigevents padding30 is-layout-flow wp-block-column-is-layout-flow\">\n<p class=\"text-yellow\">EVENTS<\/p>\n\n\n\n<h2 class=\"text-white wp-block-heading\"><strong>PERFECT FOR BIG EVENTS<\/strong><\/h2>\n\n\n\n<a href=\"https:\/\/expocenternorte.com.br\/\" class=\"btn btn-yellow btn-large\">CLICK HERE<\/a>\n<\/div>\n\n\n\n<div class=\"wp-block-column bg-transfer padding30 is-layout-flow wp-block-column-is-layout-flow\">\n<p class=\"text-yellow\">INFORMATION<\/p>\n\n\n\n<h2 class=\"text-white wp-block-heading\"><strong>SHUTTLE AND PARKING<\/strong><\/h2>\n\n\n\n<a href=\"comodidades-e-lazer\/\" class=\"btn btn-yellow btn-large\">LEARN MORE<\/a>\n<\/div>\n<\/div>\n<\/div><\/div>\n","protected":false},"excerpt":{"rendered":"<p>THE HOTEL IN CIDADE CENTER NORTE Novotel Center Norte is the closest hotel to Expo Center Norte, at a distance of about 1 km from the exhibition center. It has easy access to the main avenues of S\u00e3o Paulo, such as Marginal Tiet\u00ea and Av. 23 de Maio, allowing quick transportation to the city center. [&hellip;]<\/p>\n","protected":false},"author":1,"featured_media":1204,"parent":0,"menu_order":0,"comment_status":"closed","ping_status":"closed","template":"","meta":{"footnotes":""},"class_list":["post-1137","page","type-page","status-publish","has-post-thumbnail","hentry"],"_links":{"self":[{"href":"https:\/\/www.novotelcenternorte.com.br\/en\/wp-json\/wp\/v2\/pages\/1137","targetHints":{"allow":["GET"]}}],"collection":[{"href":"https:\/\/www.novotelcenternorte.com.br\/en\/wp-json\/wp\/v2\/pages"}],"about":[{"href":"https:\/\/www.novotelcenternorte.com.br\/en\/wp-json\/wp\/v2\/types\/page"}],"author":[{"embeddable":true,"href":"https:\/\/www.novotelcenternorte.com.br\/en\/wp-json\/wp\/v2\/users\/1"}],"replies":[{"embeddable":true,"href":"https:\/\/www.novotelcenternorte.com.br\/en\/wp-json\/wp\/v2\/comments?post=1137"}],"version-history":[{"count":5,"href":"https:\/\/www.novotelcenternorte.com.br\/en\/wp-json\/wp\/v2\/pages\/1137\/revisions"}],"predecessor-version":[{"id":1293,"href":"https:\/\/www.novotelcenternorte.com.br\/en\/wp-json\/wp\/v2\/pages\/1137\/revisions\/1293"}],"wp:featuredmedia":[{"embeddable":true,"href":"https:\/\/www.novotelcenternorte.com.br\/en\/wp-json\/wp\/v2\/media\/1204"}],"wp:attachment":[{"href":"https:\/\/www.novotelcenternorte.com.br\/en\/wp-json\/wp\/v2\/media?parent=1137"}],"curies":[{"name":"wp","href":"https:\/\/api.w.org\/{rel}","templated":true}]}}