{"id":1073,"date":"2021-03-24T18:10:34","date_gmt":"2021-03-24T21:10:34","guid":{"rendered":"https:\/\/www.novotelcenternorte.com.br\/?page_id=1073"},"modified":"2021-04-13T02:54:33","modified_gmt":"2021-04-13T05:54:33","slug":"programa-de-fidelidade-2","status":"publish","type":"page","link":"https:\/\/www.novotelcenternorte.com.br\/en\/programa-de-fidelidade-2\/","title":{"rendered":"Programa de Fidelidade"},"content":{"rendered":"\n<div class=\"wp-block-group wrap-reduced center padding-topbottom50\"><div class=\"wp-block-group__inner-container is-layout-flow wp-block-group-is-layout-flow\">\n<h2 class=\"has-text-align-center title-blue wp-block-heading\"><strong>Seu programa de fidelidade lifestyle<\/strong><\/h2>\n\n\n\n<p class=\"has-text-align-center title-purple\">Aproveite a vida do seu modo<\/p>\n\n\n\n<a href=\"https:\/\/all.accor.com\/loyalty-program\/reasonstojoin\/index.pt-br.shtml\" target=\"_blank\" class=\"btn btn-large btn-default border-radius50 z-depth-0\" rel=\"noopener noreferrer\">INSCREVA-SE HOJE<\/a>\n<\/div><\/div>\n\n\n\n<div class=\"wp-block-group bg-blue padding-topbottom50\"><div class=\"wp-block-group__inner-container is-layout-flow wp-block-group-is-layout-flow\">\n<div class=\"wp-block-group wrap-reduced\"><div class=\"wp-block-group__inner-container is-layout-flow wp-block-group-is-layout-flow\">\n<p class=\"text-white\">Um programa de fidelidade lifestyle que n\u00e3o \u00e9 somente sobre hot\u00e9is e ofertas. Oferecemos experi\u00eancias espetaculares e recompensamos sua forma de viver, trabalhar e se divertir. Esteja voc\u00ea em casa ou viajando.<\/p>\n\n\n\n<div class=\"wp-block-columns is-layout-flex wp-container-core-columns-is-layout-9d6595d7 wp-block-columns-is-layout-flex\">\n<div class=\"wp-block-column is-layout-flow wp-block-column-is-layout-flow\">\n<p class=\"text-yellow\"><strong>Voc\u00ea economiza ALL<\/strong><\/p>\n\n\n\n<p class=\"text-white\">Desde a primeira reserva, os associados do programa de fidelidade ALL se beneficiam de um desconto em mais de 3.000 hot\u00e9is.\u200b<\/p>\n<\/div>\n\n\n\n<div class=\"wp-block-column is-layout-flow wp-block-column-is-layout-flow\">\n<p class=\"text-yellow\"><strong>Ofertas dedicadas<\/strong><\/p>\n\n\n\n<p class=\"text-white\">Economize at\u00e9 40% em ofertas exclusivas para associados do ALL.<\/p>\n<\/div>\n<\/div>\n<\/div><\/div>\n<\/div><\/div>\n\n\n\n<div class=\"wp-block-group wrap-reduced center padding-topbottom50\"><div class=\"wp-block-group__inner-container is-layout-flow wp-block-group-is-layout-flow\">\n<h2 class=\"has-text-align-center title-blue wp-block-heading\">Tudo o que a Accor tem a oferecer.<br><strong>Tudo para voc\u00ea.<\/strong><\/h2>\n<\/div><\/div>\n\n\n\n<div class=\"wp-block-group wrap-content\"><div class=\"wp-block-group__inner-container is-layout-flow wp-block-group-is-layout-flow\">\n<div class=\"wp-block-columns is-layout-flex wp-container-core-columns-is-layout-9d6595d7 wp-block-columns-is-layout-flex\">\n<div class=\"wp-block-column card-default border border-grey is-layout-flow wp-block-column-is-layout-flow\">\n<figure class=\"wp-block-image size-large img-cover\"><img loading=\"lazy\" decoding=\"async\" width=\"600\" height=\"375\" src=\"https:\/\/www.novotelcenternorte.com.br\/wp-content\/uploads\/sites\/5\/2020\/04\/viagem.jpg\" alt=\"\" class=\"wp-image-785\" srcset=\"https:\/\/www.novotelcenternorte.com.br\/wp-content\/uploads\/sites\/5\/2020\/04\/viagem.jpg 600w, https:\/\/www.novotelcenternorte.com.br\/wp-content\/uploads\/sites\/5\/2020\/04\/viagem-300x188.jpg 300w\" sizes=\"auto, (max-width: 600px) 100vw, 600px\" \/><\/figure>\n\n\n\n<div class=\"wp-block-group content\"><div class=\"wp-block-group__inner-container is-layout-flow wp-block-group-is-layout-flow\">\n<p class=\"title-purple\"><strong>Viaje pelo mundo<\/strong><\/p>\n\n\n\n<p>34 marcas, 110 pa\u00edses, 3.960 propriedades, do luxo ao econ\u00f4mico e de resorts ao aluguel de casas. Tarifa de associados: descontos em mais de 3.000 hot\u00e9is desde a primeira reserva.\u200b<\/p>\n<\/div><\/div>\n\n\n\n<div class=\"wp-block-group btn-action\"><div class=\"wp-block-group__inner-container is-layout-flow wp-block-group-is-layout-flow\">\n<a href=\"https:\/\/all.accor.com\/brasil\/index.pt-br.shtml\" target=\"_blank\" class=\"btn btn-more btn-full z-depth-0 border-small border-radius5\" rel=\"noopener noreferrer\">SAIBA MAIS<\/a>\n<\/div><\/div>\n<\/div>\n\n\n\n<div class=\"wp-block-column card-default border border-grey is-layout-flow wp-block-column-is-layout-flow\">\n<figure class=\"wp-block-image size-large img-cover\"><img loading=\"lazy\" decoding=\"async\" width=\"600\" height=\"375\" src=\"https:\/\/www.novotelcenternorte.com.br\/wp-content\/uploads\/sites\/5\/2020\/04\/jantar.jpg\" alt=\"\" class=\"wp-image-787\" srcset=\"https:\/\/www.novotelcenternorte.com.br\/wp-content\/uploads\/sites\/5\/2020\/04\/jantar.jpg 600w, https:\/\/www.novotelcenternorte.com.br\/wp-content\/uploads\/sites\/5\/2020\/04\/jantar-300x188.jpg 300w\" sizes=\"auto, (max-width: 600px) 100vw, 600px\" \/><\/figure>\n\n\n\n<div class=\"wp-block-group content\"><div class=\"wp-block-group__inner-container is-layout-flow wp-block-group-is-layout-flow\">\n<p class=\"title-purple\"><strong>Ganhar pontos<\/strong><\/p>\n\n\n\n<p>Aproveite um delicioso jantar ou um drink e ganhe Pontos Rewards. O ALL permite voc\u00ea aproveitar as melhores coisas da vida. Em todo o mundo.<br><br><\/p>\n<\/div><\/div>\n\n\n\n<div class=\"wp-block-group btn-action\"><div class=\"wp-block-group__inner-container is-layout-flow wp-block-group-is-layout-flow\">\n<a href=\"https:\/\/all.accor.com\/loyalty-program\/earn\/index.pt-br.shtml\" target=\"_blank\" class=\"btn btn-more btn-full z-depth-0 border-small border-radius5\" rel=\"noopener noreferrer\">SAIBA MAIS<\/a>\n<\/div><\/div>\n<\/div>\n\n\n\n<div class=\"wp-block-column card-default border border-grey is-layout-flow wp-block-column-is-layout-flow\">\n<figure class=\"wp-block-image size-large img-cover\"><img loading=\"lazy\" decoding=\"async\" width=\"600\" height=\"375\" src=\"https:\/\/www.novotelcenternorte.com.br\/wp-content\/uploads\/sites\/5\/2020\/04\/mundo.jpg\" alt=\"\" class=\"wp-image-786\" srcset=\"https:\/\/www.novotelcenternorte.com.br\/wp-content\/uploads\/sites\/5\/2020\/04\/mundo.jpg 600w, https:\/\/www.novotelcenternorte.com.br\/wp-content\/uploads\/sites\/5\/2020\/04\/mundo-300x188.jpg 300w\" sizes=\"auto, (max-width: 600px) 100vw, 600px\" \/><\/figure>\n\n\n\n<div class=\"wp-block-group content\"><div class=\"wp-block-group__inner-container is-layout-flow wp-block-group-is-layout-flow\">\n<p class=\"title-purple\"><strong>Torne a vida mais gratificante<\/strong><\/p>\n\n\n\n<p>Explore o mundo com o ALL e ganhe benef\u00edcios de acordo com seu status, como welcome drink, pr\u00e9-vendas exclusivas para eventos incr\u00edveis e at\u00e9 Suite Night Upgrades.<\/p>\n<\/div><\/div>\n\n\n\n<div class=\"wp-block-group btn-action\"><div class=\"wp-block-group__inner-container is-layout-flow wp-block-group-is-layout-flow\">\n<a href=\"https:\/\/all.accor.com\/loyalty-program\/cards-status-benefits\/index.pt-br.shtml\" target=\"_blank\" class=\"btn btn-more btn-full z-depth-0 border-small border-radius5\" rel=\"noopener noreferrer\">SAIBA MAIS<\/a>\n<\/div><\/div>\n<\/div>\n<\/div>\n<\/div><\/div>\n\n\n\n<div class=\"wp-block-group bg-blue padding-topbottom50\"><div class=\"wp-block-group__inner-container is-layout-flow wp-block-group-is-layout-flow\">\n<div class=\"wp-block-group wrap-reduced\"><div class=\"wp-block-group__inner-container is-layout-flow wp-block-group-is-layout-flow\">\n<div class=\"wp-block-columns valign-wrapper is-layout-flex wp-container-core-columns-is-layout-9d6595d7 wp-block-columns-is-layout-flex\">\n<div class=\"wp-block-column is-layout-flow wp-block-column-is-layout-flow\" style=\"flex-basis:70%\">\n<h2 class=\"text-white wp-block-heading\"><strong>Fa\u00e7a parte do Programa ALL<\/strong><\/h2>\n\n\n\n<p class=\"text-white\">Torne-se um associado do programa de fidelidade ALL e aproveite um desconto em mais de 3.000 hot\u00e9is desde a primeira reserva.<\/p>\n<\/div>\n\n\n\n<div class=\"wp-block-column center is-layout-flow wp-block-column-is-layout-flow\" style=\"flex-basis:30%\">\n<a href=\"https:\/\/all.accor.com\/authentication\/index.pt-br.shtml#\/register\" target=\"_blank\" class=\"btn btn-large btn-white border-radius50\" rel=\"noopener noreferrer\">INSCREVA-SE HOJE<\/a>\n<\/div>\n<\/div>\n<\/div><\/div>\n<\/div><\/div>\n","protected":false},"excerpt":{"rendered":"<p>Seu programa de fidelidade lifestyle Aproveite a vida do seu modo INSCREVA-SE HOJE Um programa de fidelidade lifestyle que n\u00e3o \u00e9 somente sobre hot\u00e9is e ofertas. Oferecemos experi\u00eancias espetaculares e recompensamos sua forma de viver, trabalhar e se divertir. Esteja voc\u00ea em casa ou viajando. Voc\u00ea economiza ALL Desde a primeira reserva, os associados do [&hellip;]<\/p>\n","protected":false},"author":1,"featured_media":0,"parent":0,"menu_order":0,"comment_status":"closed","ping_status":"closed","template":"","meta":{"footnotes":""},"class_list":["post-1073","page","type-page","status-publish","hentry"],"_links":{"self":[{"href":"https:\/\/www.novotelcenternorte.com.br\/en\/wp-json\/wp\/v2\/pages\/1073","targetHints":{"allow":["GET"]}}],"collection":[{"href":"https:\/\/www.novotelcenternorte.com.br\/en\/wp-json\/wp\/v2\/pages"}],"about":[{"href":"https:\/\/www.novotelcenternorte.com.br\/en\/wp-json\/wp\/v2\/types\/page"}],"author":[{"embeddable":true,"href":"https:\/\/www.novotelcenternorte.com.br\/en\/wp-json\/wp\/v2\/users\/1"}],"replies":[{"embeddable":true,"href":"https:\/\/www.novotelcenternorte.com.br\/en\/wp-json\/wp\/v2\/comments?post=1073"}],"version-history":[{"count":1,"href":"https:\/\/www.novotelcenternorte.com.br\/en\/wp-json\/wp\/v2\/pages\/1073\/revisions"}],"predecessor-version":[{"id":1082,"href":"https:\/\/www.novotelcenternorte.com.br\/en\/wp-json\/wp\/v2\/pages\/1073\/revisions\/1082"}],"wp:attachment":[{"href":"https:\/\/www.novotelcenternorte.com.br\/en\/wp-json\/wp\/v2\/media?parent=1073"}],"curies":[{"name":"wp","href":"https:\/\/api.w.org\/{rel}","templated":true}]}}