{"id":1069,"date":"2021-03-24T18:10:27","date_gmt":"2021-03-24T21:10:27","guid":{"rendered":"https:\/\/www.novotelcenternorte.com.br\/?page_id=1069"},"modified":"2021-04-13T02:54:30","modified_gmt":"2021-04-13T05:54:30","slug":"gastronomia-2","status":"publish","type":"page","link":"https:\/\/www.novotelcenternorte.com.br\/en\/gastronomia-2\/","title":{"rendered":"Gastronomia"},"content":{"rendered":"\n<div class=\"wp-block-group wrap-content margin-topbottom50\"><div class=\"wp-block-group__inner-container is-layout-flow wp-block-group-is-layout-flow\">\n<div class=\"wp-block-columns valign-wrapper is-layout-flex wp-container-core-columns-is-layout-9d6595d7 wp-block-columns-is-layout-flex\">\n<div class=\"wp-block-column is-layout-flow wp-block-column-is-layout-flow\" style=\"flex-basis:70%\">\n<p class=\"text-purple\">O Novotel Center Norte tem duas op\u00e7\u00f5es de restaurantes, frequentados tanto por nossos h\u00f3spedes quanto por clientes que escolhem a diversidade e praticidade da gastronomia do hotel. <\/p>\n<\/div>\n\n\n\n<div class=\"wp-block-column is-layout-flow wp-block-column-is-layout-flow\" style=\"flex-basis:30%\">\n<div class=\"wp-block-columns bg-blue border-radius50 valign-wrapper is-layout-flex wp-container-core-columns-is-layout-9d6595d7 wp-block-columns-is-layout-flex\">\n<div class=\"wp-block-column is-layout-flow wp-block-column-is-layout-flow\" style=\"flex-basis:30%\">\n<div class=\"wp-block-image\"><figure class=\"aligncenter size-large\"><img loading=\"lazy\" decoding=\"async\" width=\"47\" height=\"40\" src=\"https:\/\/www.novotelcenternorte.com.br\/wp-content\/uploads\/sites\/5\/2020\/04\/icon-telefone.png\" alt=\"\" class=\"wp-image-734\"\/><\/figure><\/div>\n<\/div>\n\n\n\n<div class=\"wp-block-column is-layout-flow wp-block-column-is-layout-flow\" style=\"flex-basis:70%\">\n<p class=\"has-small-font-size text-white info-plus\">Informa\u00e7\u00f5es e Reservas<\/p>\n\n\n\n<p style=\"font-size:24px\" class=\"text-yellow info-plus\"><strong>11 2224.4051<\/strong><\/p>\n<\/div>\n<\/div>\n<\/div>\n<\/div>\n<\/div><\/div>\n\n\n\n<div class=\"wp-block-group wrap-content\"><div class=\"wp-block-group__inner-container is-layout-flow wp-block-group-is-layout-flow\">\n<div class=\"wp-block-group card-list-default\"><div class=\"wp-block-group__inner-container is-layout-flow wp-block-group-is-layout-flow\">\n<h2 class=\"text-blue wp-block-heading\"><strong>RESTAURANTE GOURMET BAR<\/strong><\/h2>\n\n\n\n<div class=\"wp-block-image max100\"><figure class=\"aligncenter size-full\"><img loading=\"lazy\" decoding=\"async\" width=\"1280\" height=\"548\" src=\"https:\/\/www.novotelcenternorte.com.br\/wp-content\/uploads\/sites\/5\/2020\/04\/lobby.jpg\" alt=\"\" class=\"wp-image-858\" srcset=\"https:\/\/www.novotelcenternorte.com.br\/wp-content\/uploads\/sites\/5\/2020\/04\/lobby.jpg 1280w, https:\/\/www.novotelcenternorte.com.br\/wp-content\/uploads\/sites\/5\/2020\/04\/lobby-300x128.jpg 300w, https:\/\/www.novotelcenternorte.com.br\/wp-content\/uploads\/sites\/5\/2020\/04\/lobby-1024x438.jpg 1024w, https:\/\/www.novotelcenternorte.com.br\/wp-content\/uploads\/sites\/5\/2020\/04\/lobby-768x329.jpg 768w\" sizes=\"auto, (max-width: 1280px) 100vw, 1280px\" \/><\/figure><\/div>\n\n\n\n<div class=\"wp-block-columns is-layout-flex wp-container-core-columns-is-layout-9d6595d7 wp-block-columns-is-layout-flex\">\n<div class=\"wp-block-column padding30 is-layout-flow wp-block-column-is-layout-flow\">\n<p class=\"text-purple\">O primeiro Gourmet Bar da Am\u00e9rica Latina \u00e9 o lugar ideal para quem busca uma gastronomia de alto padr\u00e3o em um ambiente agrad\u00e1vel, amplo e muito bem decorado.<\/p>\n\n\n\n<p class=\"text-purple\">Ele \u00e9 aberto diariamente, tanto para hospedes, quanto para p\u00fablico externo, e conta com gastronomia contempor\u00e2nea, em Buffet ou a La Carte.<\/p>\n\n\n\n<p class=\"text-purple\">Sinta-se \u00e0 vontade para fazer uma refei\u00e7\u00e3o com amigos, com a fam\u00edlia, uma reuni\u00e3o de trabalho ou para relaxar tomando um drink no bar.<\/p>\n\n\n\n<p class=\"text-purple\">\u00c0s quartas, aproveite para desfrutar da nossa tradicional Feijoada Novotel, servida no hor\u00e1rio do almo\u00e7o.<\/p>\n<\/div>\n\n\n\n<div class=\"wp-block-column bg-purple is-layout-flow wp-block-column-is-layout-flow\">\n<div class=\"wp-block-group padding30\"><div class=\"wp-block-group__inner-container is-layout-flow wp-block-group-is-layout-flow\">\n<h3 class=\"text-blue wp-block-heading\"><strong>HOR\u00c1RIOS DE<br>FUNCIONAMENTO<\/strong><\/h3>\n\n\n\n<p class=\"text-purple\"><strong>Buffet de Caf\u00e9 da Manh\u00e3<\/strong> <br>Servido de Segunda a Sexta-feira, das 6h00 \u00e0s 10h00. <br>S\u00e1bados, Domingos e Feriados, das 6h00 \u00e0s 10h30. <\/p>\n\n\n\n<p class=\"text-purple\"><strong>Almo\u00e7o e Jantar Servido diariamente:<\/strong><br>Almo\u00e7o: das 12h \u00e0s 15h <br>Jantar: das 19 \u00e0s 23h<\/p>\n\n\n\n<p class=\"text-purple\"><strong>\u00c0 la carte<\/strong><br>Servido todos os dias da semana, em todos os hor\u00e1rios.<\/p>\n\n\n\n<a href=\"https:\/\/www.novotelcenternorte.com.br\/wp-content\/uploads\/sites\/5\/2020\/04\/cardapio-2019-scaled-1.jpg\" target=\"_blank\" class=\"btn btn-large btn-default btn-full z-depth-0\" rel=\"noopener noreferrer\">BAIXAR CARD\u00c1PIO<\/a>\n<\/div><\/div>\n<\/div>\n<\/div>\n<\/div><\/div>\n\n\n\n<div class=\"wp-block-group card-list-default\"><div class=\"wp-block-group__inner-container is-layout-flow wp-block-group-is-layout-flow\">\n<h2 class=\"text-blue wp-block-heading\"><strong>KITA SUSHI BAR<\/strong><\/h2>\n\n\n\n<div class=\"wp-block-image max100\"><figure class=\"aligncenter size-full\"><img loading=\"lazy\" decoding=\"async\" width=\"1280\" height=\"548\" src=\"https:\/\/www.novotelcenternorte.com.br\/wp-content\/uploads\/sites\/5\/2020\/05\/kita-sushi-bar.jpg\" alt=\"\" class=\"wp-image-972\" srcset=\"https:\/\/www.novotelcenternorte.com.br\/wp-content\/uploads\/sites\/5\/2020\/05\/kita-sushi-bar.jpg 1280w, https:\/\/www.novotelcenternorte.com.br\/wp-content\/uploads\/sites\/5\/2020\/05\/kita-sushi-bar-300x128.jpg 300w, https:\/\/www.novotelcenternorte.com.br\/wp-content\/uploads\/sites\/5\/2020\/05\/kita-sushi-bar-1024x438.jpg 1024w, https:\/\/www.novotelcenternorte.com.br\/wp-content\/uploads\/sites\/5\/2020\/05\/kita-sushi-bar-768x329.jpg 768w\" sizes=\"auto, (max-width: 1280px) 100vw, 1280px\" \/><\/figure><\/div>\n\n\n\n<div class=\"wp-block-columns is-layout-flex wp-container-core-columns-is-layout-9d6595d7 wp-block-columns-is-layout-flex\">\n<div class=\"wp-block-column padding30 is-layout-flow wp-block-column-is-layout-flow\">\n<p class=\"text-purple\">O Kita Sushi Bar \u00e9 o espa\u00e7o ideal para saborear a culin\u00e1ria japonesa contempor\u00e2nea e divertir-se com a fam\u00edlia, amigos ou parceiros de neg\u00f3cios. O restaurante atende h\u00f3spedes e p\u00fablico externo e possui um ambiente moderno, acolhedor e elegante.<\/p>\n\n\n\n<p class=\"text-purple\">Conta com pratos frios e quentes, sushis, sashimis e temakis. O destaque fica com o missoshiru especial da casa e as v\u00e1rias op\u00e7\u00f5es de yakissoba. H\u00e1 ainda a op\u00e7\u00e3o do rod\u00edzio ou menu \u00e0 la carte, com sugest\u00f5es de pratos e combinados.<\/p>\n\n\n\n<p class=\"text-purple\">Confira tamb\u00e9m as op\u00e7\u00f5es de drinks, desde o saqu\u00ea tradicional at\u00e9 a caipirinha, muito apreciada. Com op\u00e7\u00f5es tamb\u00e9m sem \u00e1lcool, sucos e ch\u00e1s.<\/p>\n<\/div>\n\n\n\n<div class=\"wp-block-column bg-purple is-layout-flow wp-block-column-is-layout-flow\">\n<div class=\"wp-block-group padding30\"><div class=\"wp-block-group__inner-container is-layout-flow wp-block-group-is-layout-flow\">\n<h3 class=\"text-blue wp-block-heading\"><strong>HOR\u00c1RIOS DE<br>FUNCIONAMENTO<\/strong> <\/h3>\n\n\n\n<p class=\"text-purple\"><strong>Jantar<\/strong><br>Servi\u00e7o de Rodizio e A La Carte Dispon\u00edvel<\/p>\n\n\n\n<p class=\"text-purple\">Aberto de segunda a s\u00e1bado, das 19h \u00e0s 23h.<\/p>\n\n\n\n<a href=\"https:\/\/www.novotelcenternorte.com.br\/wp-content\/uploads\/sites\/5\/2020\/04\/cardapio-2019-scaled-1.jpg\" target=\"_blank\" class=\"btn btn-large btn-default btn-full z-depth-0\" rel=\"noopener noreferrer\">BAIXAR CARD\u00c1PIO<\/a>\n<\/div><\/div>\n<\/div>\n<\/div>\n<\/div><\/div>\n<\/div><\/div>\n\n\n\n<div class=\"wp-block-group wrap-content margin-topbottom50\"><div class=\"wp-block-group__inner-container is-layout-flow wp-block-group-is-layout-flow\">\n<h2 class=\"text-blue wp-block-heading\"><strong>RESTAURANTES NA<br>CIDADE CENTER NORTE<\/strong><\/h2>\n\n\n\n<p class=\"text-purple\">O Novotel S\u00e3o Paulo Center Norte est\u00e1 a poucos metros do Shopping Center Norte, do Shopping Lar Center e do Expo Center Norte onde existem v\u00e1rias outras op\u00e7\u00f5es de gastronomia. Confira algumas das op\u00e7\u00f5es.<\/p>\n\n\n\n<div class=\"wp-block-group wrap-content\"><div class=\"wp-block-group__inner-container is-layout-flow wp-block-group-is-layout-flow\">\n<div class=\"row\" id=\"rounded-list\">\n    <ul class=\"rounded-list center-align\">     \n        <li><a href=\"https:\/\/www.centernorte.com.br\/alimentacao\" target=\"_blank\" rel=\"noopener noreferrer\">SHOPPING<br>CENTER NORTE<\/a><\/li>\n        <li><a href=\"https:\/\/www.larcenter.com.br\/alimentacao\" target=\"_blank\" rel=\"noopener noreferrer\">LAR<br>CENTER<\/a><\/li>\n        <li><a href=\"https:\/\/www.expocenternorte.com.br\/tudo-para-o-visitante\" target=\"_blank\" rel=\"noopener noreferrer\">EXPO<br>CENTER NORTE<\/a><\/li>\n    <\/ul>\n<\/div>\n<\/div><\/div>\n<\/div><\/div>\n","protected":false},"excerpt":{"rendered":"<p>O Novotel Center Norte tem duas op\u00e7\u00f5es de restaurantes, frequentados tanto por nossos h\u00f3spedes quanto por clientes que escolhem a diversidade e praticidade da gastronomia do hotel. Informa\u00e7\u00f5es e Reservas 11 2224.4051 RESTAURANTE GOURMET BAR O primeiro Gourmet Bar da Am\u00e9rica Latina \u00e9 o lugar ideal para quem busca uma gastronomia de alto padr\u00e3o em [&hellip;]<\/p>\n","protected":false},"author":1,"featured_media":0,"parent":0,"menu_order":0,"comment_status":"closed","ping_status":"closed","template":"","meta":{"footnotes":""},"class_list":["post-1069","page","type-page","status-publish","hentry"],"_links":{"self":[{"href":"https:\/\/www.novotelcenternorte.com.br\/en\/wp-json\/wp\/v2\/pages\/1069","targetHints":{"allow":["GET"]}}],"collection":[{"href":"https:\/\/www.novotelcenternorte.com.br\/en\/wp-json\/wp\/v2\/pages"}],"about":[{"href":"https:\/\/www.novotelcenternorte.com.br\/en\/wp-json\/wp\/v2\/types\/page"}],"author":[{"embeddable":true,"href":"https:\/\/www.novotelcenternorte.com.br\/en\/wp-json\/wp\/v2\/users\/1"}],"replies":[{"embeddable":true,"href":"https:\/\/www.novotelcenternorte.com.br\/en\/wp-json\/wp\/v2\/comments?post=1069"}],"version-history":[{"count":1,"href":"https:\/\/www.novotelcenternorte.com.br\/en\/wp-json\/wp\/v2\/pages\/1069\/revisions"}],"predecessor-version":[{"id":1079,"href":"https:\/\/www.novotelcenternorte.com.br\/en\/wp-json\/wp\/v2\/pages\/1069\/revisions\/1079"}],"wp:attachment":[{"href":"https:\/\/www.novotelcenternorte.com.br\/en\/wp-json\/wp\/v2\/media?parent=1069"}],"curies":[{"name":"wp","href":"https:\/\/api.w.org\/{rel}","templated":true}]}}